{"id":274,"date":"2026-04-28T08:20:09","date_gmt":"2026-04-28T08:20:09","guid":{"rendered":"https:\/\/ironfityou.com\/pt-br\/?page_id=274"},"modified":"2026-04-28T08:20:09","modified_gmt":"2026-04-28T08:20:09","slug":"torne-se-parceiro","status":"publish","type":"page","link":"https:\/\/ironfityou.com\/pt-br\/torne-se-parceiro\/","title":{"rendered":"Torne-se Parceiro"},"content":{"rendered":"<!-- Hero Section -->\r\n<section class=\"hero-section contact-page\">\r\n    <!-- Animated Background Elements -->\r\n    <div class=\"hero-bg-elements\">\r\n        <div class=\"float-element float-1\"><\/div>\r\n        <div class=\"float-element float-2\"><\/div>\r\n        <div class=\"float-element float-3\"><\/div>\r\n        <div class=\"float-element float-4\"><\/div>\r\n    <\/div>\r\n\r\n    <div class=\"container-xxl h-100\">\r\n        <div class=\"row align-items-center\">\r\n            <!-- Content Section -->\r\n            <div class=\"col-md-8 text-center text-md-start\">\r\n                <div class=\"hero-content animate-fade-in\">\r\n\r\n                 <h1 class=\"hero-headline\">\r\n    <span class=\"text-white d-block\">Torne-se um Parceiro<\/span>\r\n<\/h1>\r\n<p class=\"hero-description\">\r\nVamos crescer mais fortes juntos. A Iron Fit You faz parcerias com academias, treinadores, marcas de bem-estar, influenciadores e l\u00edderes de tecnologia para criar experi\u00eancias fitness impactantes e impulsionar o crescimento m\u00fatuo. Entre em contato hoje e retornaremos em breve.\r\n<\/p>\r\n\r\n\r\n                <\/div>\r\n            <\/div>\r\n\r\n            <div class=\"col-md-4\">\r\n               \r\n                    <div class=\"right-imgpic\">\r\n                <img decoding=\"async\" class=\"img-fluid\" src=\"\/wp-content\/themes\/ify-theme\/assets\/images\/become-partners-hero-pic.png\" alt=\"Contact Us\">\r\n                <\/div>\r\n            <\/div>\r\n\r\n\r\n        <\/div>\r\n    <\/div>\r\n\r\n\r\n    <!-- Bottom Wave -->\r\n    <div class=\"hero-wave\">\r\n        \r\n            \r\n        \r\n    <\/div>\r\n<\/section>\r\n\r\n\r\n<section class=\"section-padding bg-subtle contact-form\">\r\n    <div class=\"container-xxl\">\r\n","protected":false},"excerpt":{"rendered":"<p>Torne-se um Parceiro Vamos crescer mais fortes juntos. A Iron Fit You faz parcerias com academias, treinadores, marcas de bem-estar, influenciadores e l\u00edderes de tecnologia para criar experi\u00eancias fitness impactantes e impulsionar o crescimento m\u00fatuo. Entre em contato hoje e retornaremos em breve.<\/p>\n","protected":false},"author":1,"featured_media":275,"parent":0,"menu_order":0,"comment_status":"closed","ping_status":"closed","template":"templates\/become-partners.php","meta":{"_acf_changed":false,"inline_featured_image":false,"footnotes":""},"class_list":["post-274","page","type-page","status-publish","has-post-thumbnail","hentry"],"acf":[],"yoast_head":"<!-- This site is optimized with the Yoast SEO plugin v27.2 - https:\/\/yoast.com\/product\/yoast-seo-wordpress\/ -->\n<title>Torne-se Parceiro - Iron Fit You Junte-se \u00e0 Nossa Rede de Afiliados e Parceiros<\/title>\n<meta name=\"description\" content=\"Monitore indicadores de sa\u00fade e receba dicas personalizadas com o IRONFitYou. O equil\u00edbrio perfeito entre corpo e mente para treinadores de academia, profissionais de sa\u00fade e entusiastas do bem-estar.\" \/>\n<meta name=\"robots\" content=\"index, follow, max-snippet:-1, max-image-preview:large, max-video-preview:-1\" \/>\n<link rel=\"canonical\" href=\"https:\/\/ironfityou.com\/pt-br\/torne-se-parceiro\/\" \/>\n<meta property=\"og:locale\" content=\"pt_BR\" \/>\n<meta property=\"og:type\" content=\"article\" \/>\n<meta property=\"og:title\" content=\"Torne-se Parceiro - Iron Fit You Junte-se \u00e0 Nossa Rede de Afiliados e Parceiros\" \/>\n<meta property=\"og:description\" content=\"Monitore indicadores de sa\u00fade e receba dicas personalizadas com o IRONFitYou. O equil\u00edbrio perfeito entre corpo e mente para treinadores de academia, profissionais de sa\u00fade e entusiastas do bem-estar.\" \/>\n<meta property=\"og:url\" content=\"https:\/\/ironfityou.com\/pt-br\/torne-se-parceiro\/\" \/>\n<meta property=\"og:site_name\" content=\"Iron Fit You\" \/>\n<meta property=\"og:image\" content=\"https:\/\/ironfityou.com\/wp-content\/uploads\/sites\/5\/2026\/04\/iron-fit-you-og-pic-new1.webp\" \/>\n\t<meta property=\"og:image:width\" content=\"1200\" \/>\n\t<meta property=\"og:image:height\" content=\"630\" \/>\n\t<meta property=\"og:image:type\" content=\"image\/webp\" \/>\n<meta name=\"twitter:card\" content=\"summary_large_image\" \/>\n<meta name=\"twitter:label1\" content=\"Est. tempo de leitura\" \/>\n\t<meta name=\"twitter:data1\" content=\"1 minuto\" \/>\n<script type=\"application\/ld+json\" class=\"yoast-schema-graph\">{\"@context\":\"https:\/\/schema.org\",\"@graph\":[{\"@type\":\"WebPage\",\"@id\":\"https:\/\/ironfityou.com\/pt-br\/torne-se-parceiro\/\",\"url\":\"https:\/\/ironfityou.com\/pt-br\/torne-se-parceiro\/\",\"name\":\"Torne-se Parceiro - Iron Fit You Junte-se \u00e0 Nossa Rede de Afiliados e Parceiros\",\"isPartOf\":{\"@id\":\"https:\/\/ironfityou.com\/pt-br\/#website\"},\"primaryImageOfPage\":{\"@id\":\"https:\/\/ironfityou.com\/pt-br\/torne-se-parceiro\/#primaryimage\"},\"image\":{\"@id\":\"https:\/\/ironfityou.com\/pt-br\/torne-se-parceiro\/#primaryimage\"},\"thumbnailUrl\":\"https:\/\/ironfityou.com\/wp-content\/uploads\/sites\/5\/2026\/04\/iron-fit-you-og-pic-new1.webp\",\"datePublished\":\"2026-04-28T08:20:09+00:00\",\"description\":\"Monitore indicadores de sa\u00fade e receba dicas personalizadas com o IRONFitYou. O equil\u00edbrio perfeito entre corpo e mente para treinadores de academia, profissionais de sa\u00fade e entusiastas do bem-estar.\",\"breadcrumb\":{\"@id\":\"https:\/\/ironfityou.com\/pt-br\/torne-se-parceiro\/#breadcrumb\"},\"inLanguage\":\"pt-BR\",\"potentialAction\":[{\"@type\":\"ReadAction\",\"target\":[\"https:\/\/ironfityou.com\/pt-br\/torne-se-parceiro\/\"]}]},{\"@type\":\"ImageObject\",\"inLanguage\":\"pt-BR\",\"@id\":\"https:\/\/ironfityou.com\/pt-br\/torne-se-parceiro\/#primaryimage\",\"url\":\"https:\/\/ironfityou.com\/wp-content\/uploads\/sites\/5\/2026\/04\/iron-fit-you-og-pic-new1.webp\",\"contentUrl\":\"https:\/\/ironfityou.com\/wp-content\/uploads\/sites\/5\/2026\/04\/iron-fit-you-og-pic-new1.webp\",\"width\":1200,\"height\":630},{\"@type\":\"BreadcrumbList\",\"@id\":\"https:\/\/ironfityou.com\/pt-br\/torne-se-parceiro\/#breadcrumb\",\"itemListElement\":[{\"@type\":\"ListItem\",\"position\":1,\"name\":\"In\u00edcio\",\"item\":\"https:\/\/ironfityou.com\/pt-br\/\"},{\"@type\":\"ListItem\",\"position\":2,\"name\":\"Torne-se Parceiro\"}]},{\"@type\":\"WebSite\",\"@id\":\"https:\/\/ironfityou.com\/pt-br\/#website\",\"url\":\"https:\/\/ironfityou.com\/pt-br\/\",\"name\":\"Iron Fit You\",\"description\":\"\",\"potentialAction\":[{\"@type\":\"SearchAction\",\"target\":{\"@type\":\"EntryPoint\",\"urlTemplate\":\"https:\/\/ironfityou.com\/pt-br\/?s={search_term_string}\"},\"query-input\":{\"@type\":\"PropertyValueSpecification\",\"valueRequired\":true,\"valueName\":\"search_term_string\"}}],\"inLanguage\":\"pt-BR\"}]}<\/script>\n<!-- \/ Yoast SEO plugin. -->","yoast_head_json":{"title":"Torne-se Parceiro - Iron Fit You Junte-se \u00e0 Nossa Rede de Afiliados e Parceiros","description":"Monitore indicadores de sa\u00fade e receba dicas personalizadas com o IRONFitYou. O equil\u00edbrio perfeito entre corpo e mente para treinadores de academia, profissionais de sa\u00fade e entusiastas do bem-estar.","robots":{"index":"index","follow":"follow","max-snippet":"max-snippet:-1","max-image-preview":"max-image-preview:large","max-video-preview":"max-video-preview:-1"},"canonical":"https:\/\/ironfityou.com\/pt-br\/torne-se-parceiro\/","og_locale":"pt_BR","og_type":"article","og_title":"Torne-se Parceiro - Iron Fit You Junte-se \u00e0 Nossa Rede de Afiliados e Parceiros","og_description":"Monitore indicadores de sa\u00fade e receba dicas personalizadas com o IRONFitYou. O equil\u00edbrio perfeito entre corpo e mente para treinadores de academia, profissionais de sa\u00fade e entusiastas do bem-estar.","og_url":"https:\/\/ironfityou.com\/pt-br\/torne-se-parceiro\/","og_site_name":"Iron Fit You","og_image":[{"width":1200,"height":630,"url":"https:\/\/ironfityou.com\/wp-content\/uploads\/sites\/5\/2026\/04\/iron-fit-you-og-pic-new1.webp","type":"image\/webp"}],"twitter_card":"summary_large_image","twitter_misc":{"Est. tempo de leitura":"1 minuto"},"schema":{"@context":"https:\/\/schema.org","@graph":[{"@type":"WebPage","@id":"https:\/\/ironfityou.com\/pt-br\/torne-se-parceiro\/","url":"https:\/\/ironfityou.com\/pt-br\/torne-se-parceiro\/","name":"Torne-se Parceiro - Iron Fit You Junte-se \u00e0 Nossa Rede de Afiliados e Parceiros","isPartOf":{"@id":"https:\/\/ironfityou.com\/pt-br\/#website"},"primaryImageOfPage":{"@id":"https:\/\/ironfityou.com\/pt-br\/torne-se-parceiro\/#primaryimage"},"image":{"@id":"https:\/\/ironfityou.com\/pt-br\/torne-se-parceiro\/#primaryimage"},"thumbnailUrl":"https:\/\/ironfityou.com\/wp-content\/uploads\/sites\/5\/2026\/04\/iron-fit-you-og-pic-new1.webp","datePublished":"2026-04-28T08:20:09+00:00","description":"Monitore indicadores de sa\u00fade e receba dicas personalizadas com o IRONFitYou. O equil\u00edbrio perfeito entre corpo e mente para treinadores de academia, profissionais de sa\u00fade e entusiastas do bem-estar.","breadcrumb":{"@id":"https:\/\/ironfityou.com\/pt-br\/torne-se-parceiro\/#breadcrumb"},"inLanguage":"pt-BR","potentialAction":[{"@type":"ReadAction","target":["https:\/\/ironfityou.com\/pt-br\/torne-se-parceiro\/"]}]},{"@type":"ImageObject","inLanguage":"pt-BR","@id":"https:\/\/ironfityou.com\/pt-br\/torne-se-parceiro\/#primaryimage","url":"https:\/\/ironfityou.com\/wp-content\/uploads\/sites\/5\/2026\/04\/iron-fit-you-og-pic-new1.webp","contentUrl":"https:\/\/ironfityou.com\/wp-content\/uploads\/sites\/5\/2026\/04\/iron-fit-you-og-pic-new1.webp","width":1200,"height":630},{"@type":"BreadcrumbList","@id":"https:\/\/ironfityou.com\/pt-br\/torne-se-parceiro\/#breadcrumb","itemListElement":[{"@type":"ListItem","position":1,"name":"In\u00edcio","item":"https:\/\/ironfityou.com\/pt-br\/"},{"@type":"ListItem","position":2,"name":"Torne-se Parceiro"}]},{"@type":"WebSite","@id":"https:\/\/ironfityou.com\/pt-br\/#website","url":"https:\/\/ironfityou.com\/pt-br\/","name":"Iron Fit You","description":"","potentialAction":[{"@type":"SearchAction","target":{"@type":"EntryPoint","urlTemplate":"https:\/\/ironfityou.com\/pt-br\/?s={search_term_string}"},"query-input":{"@type":"PropertyValueSpecification","valueRequired":true,"valueName":"search_term_string"}}],"inLanguage":"pt-BR"}]}},"_links":{"self":[{"href":"https:\/\/ironfityou.com\/pt-br\/wp-json\/wp\/v2\/pages\/274","targetHints":{"allow":["GET"]}}],"collection":[{"href":"https:\/\/ironfityou.com\/pt-br\/wp-json\/wp\/v2\/pages"}],"about":[{"href":"https:\/\/ironfityou.com\/pt-br\/wp-json\/wp\/v2\/types\/page"}],"author":[{"embeddable":true,"href":"https:\/\/ironfityou.com\/pt-br\/wp-json\/wp\/v2\/users\/1"}],"replies":[{"embeddable":true,"href":"https:\/\/ironfityou.com\/pt-br\/wp-json\/wp\/v2\/comments?post=274"}],"version-history":[{"count":1,"href":"https:\/\/ironfityou.com\/pt-br\/wp-json\/wp\/v2\/pages\/274\/revisions"}],"predecessor-version":[{"id":276,"href":"https:\/\/ironfityou.com\/pt-br\/wp-json\/wp\/v2\/pages\/274\/revisions\/276"}],"wp:featuredmedia":[{"embeddable":true,"href":"https:\/\/ironfityou.com\/pt-br\/wp-json\/wp\/v2\/media\/275"}],"wp:attachment":[{"href":"https:\/\/ironfityou.com\/pt-br\/wp-json\/wp\/v2\/media?parent=274"}],"curies":[{"name":"wp","href":"https:\/\/api.w.org\/{rel}","templated":true}]}}