{"id":261,"date":"2025-09-19T10:42:00","date_gmt":"2025-09-19T10:42:00","guid":{"rendered":"https:\/\/ify.estatic-infotech.com\/?page_id=261"},"modified":"2026-03-05T08:43:33","modified_gmt":"2026-03-05T08:43:33","slug":"contato","status":"publish","type":"page","link":"https:\/\/ironfityou.com\/pt-br\/contato\/","title":{"rendered":"Entre em contato conosco"},"content":{"rendered":"<!-- Hero Section -->\r\n<section class=\"hero-section contact-page\">\r\n    <!-- Animated Background Elements -->\r\n    <div class=\"hero-bg-elements\">\r\n        <div class=\"float-element float-1\"><\/div>\r\n        <div class=\"float-element float-2\"><\/div>\r\n        <div class=\"float-element float-3\"><\/div>\r\n        <div class=\"float-element float-4\"><\/div>\r\n    <\/div>\r\n\r\n    <div class=\"container-xxl h-100\">\r\n        <div class=\"row align-items-center\">\r\n            <!-- Content Section -->\r\n            <div class=\"col-md-8 text-center text-md-start\">\r\n                <div class=\"hero-content animate-fade-in\">\r\n\r\n                    <h1 class=\"hero-headline\">\r\n                        <span class=\"text-white d-block\">Contate-nos<\/span>\r\n\r\n                    <\/h1>\r\n                    <p class=\"hero-description\">\r\n                      Tem d\u00favidas ou precisa de suporte? Estamos aqui para ajudar! Entre em contato com a equipe da Iron Fit You para obter ajuda, feedback ou perguntas sobre parcerias \u2014 entraremos em contato em breve.\r\n                    <\/p>\r\n\r\n\r\n                <\/div>\r\n            <\/div>\r\n\r\n            <div class=\"col-md-4\">\r\n                <div class=\"right-imgpic\">\r\n                <img decoding=\"async\" class=\"img-fluid\" src=\"\/wp-content\/themes\/ify-theme\/assets\/images\/contact-us-hero-pic.png\" alt=\"Contact Us\">\r\n                <\/div>\r\n            <\/div>\r\n\r\n\r\n        <\/div>\r\n    <\/div>\r\n\r\n\r\n    <!-- Bottom Wave -->\r\n    <div class=\"hero-wave\">\r\n        <svg viewBox=\"0 0 1200 120\" fill=\"none\">\r\n            <path\r\n                d=\"M0,96L48,90.7C96,85,192,75,288,69.3C384,64,480,64,576,69.3C672,75,768,85,864,90.7C960,96,1056,96,1152,90.7L1200,85L1200,120L1152,120C1056,120,960,120,864,120C768,120,672,120,576,120C480,120,384,120,288,120C192,120,96,120,48,120L0,120Z\"\r\n                fill=\"var(--bg-color)\" \/>\r\n        <\/svg>\r\n    <\/div>\r\n<\/section>\r\n\r\n\r\n<!-- What Is Section -->\r\n<section class=\"section-padding bg-subtle contact-form\">\r\n    <div class=\"container-xxl\">\r\n        <div class=\"row g-4 g-xxl-5 align-items-center\">\r\n            <!-- Left Content -->\r\n            <div class=\"col-lg-6\">\r\n                <h2 class=\"section-title\">\r\n                   Entre em contato <span class=\"text-primary\">conosco<\/span>\r\n                <\/h2>\r\n                <p class=\"section-description\">\r\n                  Adorar\u00edamos ouvir voc\u00ea. Se voc\u00ea tiver alguma d\u00favida, precisar de ajuda ou quiser explorar oportunidades, nossa equipe est\u00e1 aqui para ajudar.\r\n                <\/p>\r\n\r\n                <!-- Highlights -->\r\n                <div class=\"highlights\">\r\n\r\n                    <!--<div class=\"highlight-item\">\r\n                        <div class=\"highlight-icon purple-gradient\">\r\n                            <i data-lucide=\"phone\">phone<\/i>\r\n                        <\/div>\r\n                        <p class=\"description\"><a href=\"tel:+1 (555) 123-4567\">+1 (555) 123-4567<\/a><\/p>\r\n                    <\/div>\r\n-->\r\n                    <div class=\"highlight-item\">\r\n                        <div class=\"highlight-icon orange-gradient\">\r\n                            <i data-lucide=\"mail\">mail<\/i>\r\n                        <\/div>\r\n                        <p class=\"description\"><a href=\"mailto:support@ironfityou.com\">support@ironfityou.com<\/a><\/p>\r\n                    <\/div>\r\n\r\n                <\/div>\r\n            <\/div>","protected":false},"excerpt":{"rendered":"<p>Contate-nos Tem d\u00favidas ou precisa de suporte? Estamos aqui para ajudar! Entre em contato com a equipe da Iron Fit You para obter ajuda, feedback ou perguntas sobre parcerias \u2014 entraremos em contato em breve. Entre em contato conosco Adorar\u00edamos ouvir voc\u00ea. Se voc\u00ea tiver alguma d\u00favida, precisar de ajuda ou quiser explorar oportunidades, nossa [&hellip;]<\/p>\n","protected":false},"author":1,"featured_media":1199,"parent":0,"menu_order":0,"comment_status":"closed","ping_status":"closed","template":"templates\/contact-us.php","meta":{"_acf_changed":false,"inline_featured_image":false,"footnotes":""},"class_list":["post-261","page","type-page","status-publish","has-post-thumbnail","hentry"],"acf":[],"yoast_head":"<!-- This site is optimized with the Yoast SEO plugin v27.1.1 - https:\/\/yoast.com\/product\/yoast-seo-wordpress\/ -->\n<title>Entre em contato conosco Iron Fit You - Suporte, Perguntas &amp; Conex\u00e3o<\/title>\n<meta name=\"description\" content=\"Fale com a equipe do IRON Fit You para suporte, d\u00favidas, feedback ou parcerias. Estamos prontos para ajudar voc\u00ea com IFY.\" \/>\n<meta name=\"robots\" content=\"index, follow, max-snippet:-1, max-image-preview:large, max-video-preview:-1\" \/>\n<link rel=\"canonical\" href=\"https:\/\/ironfityou.com\/pt-br\/contato\/\" \/>\n<meta property=\"og:locale\" content=\"pt_BR\" \/>\n<meta property=\"og:type\" content=\"article\" \/>\n<meta property=\"og:title\" content=\"Entre em contato conosco Iron Fit You - Suporte, Perguntas &amp; Conex\u00e3o\" \/>\n<meta property=\"og:description\" content=\"Fale com a equipe do IRON Fit You para suporte, d\u00favidas, feedback ou parcerias. Estamos prontos para ajudar voc\u00ea com IFY.\" \/>\n<meta property=\"og:url\" content=\"https:\/\/ironfityou.com\/pt-br\/contato\/\" \/>\n<meta property=\"og:site_name\" content=\"Iron Fit You\" \/>\n<meta property=\"article:modified_time\" content=\"2026-03-05T08:43:33+00:00\" \/>\n<meta property=\"og:image\" content=\"https:\/\/ironfityou.com\/wp-content\/uploads\/2025\/11\/iron-fit-you-og-pic1.png\" \/>\n\t<meta property=\"og:image:width\" content=\"1200\" \/>\n\t<meta property=\"og:image:height\" content=\"630\" \/>\n\t<meta property=\"og:image:type\" content=\"image\/png\" \/>\n<meta name=\"twitter:card\" content=\"summary_large_image\" \/>\n<meta name=\"twitter:label1\" content=\"Est. tempo de leitura\" \/>\n\t<meta name=\"twitter:data1\" content=\"1 minuto\" \/>\n<script type=\"application\/ld+json\" class=\"yoast-schema-graph\">{\"@context\":\"https:\/\/schema.org\",\"@graph\":[{\"@type\":\"WebPage\",\"@id\":\"https:\/\/ironfityou.com\/pt-br\/contato\/\",\"url\":\"https:\/\/ironfityou.com\/pt-br\/contato\/\",\"name\":\"Entre em contato conosco Iron Fit You - Suporte, Perguntas & Conex\u00e3o\",\"isPartOf\":{\"@id\":\"https:\/\/ironfityou.com\/#website\"},\"primaryImageOfPage\":{\"@id\":\"https:\/\/ironfityou.com\/pt-br\/contato\/#primaryimage\"},\"image\":{\"@id\":\"https:\/\/ironfityou.com\/pt-br\/contato\/#primaryimage\"},\"thumbnailUrl\":\"https:\/\/ironfityou.com\/wp-content\/uploads\/2025\/11\/iron-fit-you-og-pic1.png\",\"datePublished\":\"2025-09-19T10:42:00+00:00\",\"dateModified\":\"2026-03-05T08:43:33+00:00\",\"description\":\"Fale com a equipe do IRON Fit You para suporte, d\u00favidas, feedback ou parcerias. Estamos prontos para ajudar voc\u00ea com IFY.\",\"breadcrumb\":{\"@id\":\"https:\/\/ironfityou.com\/pt-br\/contato\/#breadcrumb\"},\"inLanguage\":\"pt-BR\",\"potentialAction\":[{\"@type\":\"ReadAction\",\"target\":[\"https:\/\/ironfityou.com\/pt-br\/contato\/\"]}]},{\"@type\":\"ImageObject\",\"inLanguage\":\"pt-BR\",\"@id\":\"https:\/\/ironfityou.com\/pt-br\/contato\/#primaryimage\",\"url\":\"https:\/\/ironfityou.com\/wp-content\/uploads\/2025\/11\/iron-fit-you-og-pic1.png\",\"contentUrl\":\"https:\/\/ironfityou.com\/wp-content\/uploads\/2025\/11\/iron-fit-you-og-pic1.png\",\"width\":1200,\"height\":630},{\"@type\":\"BreadcrumbList\",\"@id\":\"https:\/\/ironfityou.com\/pt-br\/contato\/#breadcrumb\",\"itemListElement\":[{\"@type\":\"ListItem\",\"position\":1,\"name\":\"Home\",\"item\":\"https:\/\/ironfityou.com\/pt-br\/\"},{\"@type\":\"ListItem\",\"position\":2,\"name\":\"Entre em contato conosco\"}]},{\"@type\":\"WebSite\",\"@id\":\"https:\/\/ironfityou.com\/#website\",\"url\":\"https:\/\/ironfityou.com\/\",\"name\":\"Iron Fit You\",\"description\":\"Iron Fit You - Your health in real time\",\"potentialAction\":[{\"@type\":\"SearchAction\",\"target\":{\"@type\":\"EntryPoint\",\"urlTemplate\":\"https:\/\/ironfityou.com\/?s={search_term_string}\"},\"query-input\":{\"@type\":\"PropertyValueSpecification\",\"valueRequired\":true,\"valueName\":\"search_term_string\"}}],\"inLanguage\":\"pt-BR\"}]}<\/script>\n<!-- \/ Yoast SEO plugin. -->","yoast_head_json":{"title":"Entre em contato conosco Iron Fit You - Suporte, Perguntas & Conex\u00e3o","description":"Fale com a equipe do IRON Fit You para suporte, d\u00favidas, feedback ou parcerias. Estamos prontos para ajudar voc\u00ea com IFY.","robots":{"index":"index","follow":"follow","max-snippet":"max-snippet:-1","max-image-preview":"max-image-preview:large","max-video-preview":"max-video-preview:-1"},"canonical":"https:\/\/ironfityou.com\/pt-br\/contato\/","og_locale":"pt_BR","og_type":"article","og_title":"Entre em contato conosco Iron Fit You - Suporte, Perguntas & Conex\u00e3o","og_description":"Fale com a equipe do IRON Fit You para suporte, d\u00favidas, feedback ou parcerias. Estamos prontos para ajudar voc\u00ea com IFY.","og_url":"https:\/\/ironfityou.com\/pt-br\/contato\/","og_site_name":"Iron Fit You","article_modified_time":"2026-03-05T08:43:33+00:00","og_image":[{"width":1200,"height":630,"url":"https:\/\/ironfityou.com\/wp-content\/uploads\/2025\/11\/iron-fit-you-og-pic1.png","type":"image\/png"}],"twitter_card":"summary_large_image","twitter_misc":{"Est. tempo de leitura":"1 minuto"},"schema":{"@context":"https:\/\/schema.org","@graph":[{"@type":"WebPage","@id":"https:\/\/ironfityou.com\/pt-br\/contato\/","url":"https:\/\/ironfityou.com\/pt-br\/contato\/","name":"Entre em contato conosco Iron Fit You - Suporte, Perguntas & Conex\u00e3o","isPartOf":{"@id":"https:\/\/ironfityou.com\/#website"},"primaryImageOfPage":{"@id":"https:\/\/ironfityou.com\/pt-br\/contato\/#primaryimage"},"image":{"@id":"https:\/\/ironfityou.com\/pt-br\/contato\/#primaryimage"},"thumbnailUrl":"https:\/\/ironfityou.com\/wp-content\/uploads\/2025\/11\/iron-fit-you-og-pic1.png","datePublished":"2025-09-19T10:42:00+00:00","dateModified":"2026-03-05T08:43:33+00:00","description":"Fale com a equipe do IRON Fit You para suporte, d\u00favidas, feedback ou parcerias. Estamos prontos para ajudar voc\u00ea com IFY.","breadcrumb":{"@id":"https:\/\/ironfityou.com\/pt-br\/contato\/#breadcrumb"},"inLanguage":"pt-BR","potentialAction":[{"@type":"ReadAction","target":["https:\/\/ironfityou.com\/pt-br\/contato\/"]}]},{"@type":"ImageObject","inLanguage":"pt-BR","@id":"https:\/\/ironfityou.com\/pt-br\/contato\/#primaryimage","url":"https:\/\/ironfityou.com\/wp-content\/uploads\/2025\/11\/iron-fit-you-og-pic1.png","contentUrl":"https:\/\/ironfityou.com\/wp-content\/uploads\/2025\/11\/iron-fit-you-og-pic1.png","width":1200,"height":630},{"@type":"BreadcrumbList","@id":"https:\/\/ironfityou.com\/pt-br\/contato\/#breadcrumb","itemListElement":[{"@type":"ListItem","position":1,"name":"Home","item":"https:\/\/ironfityou.com\/pt-br\/"},{"@type":"ListItem","position":2,"name":"Entre em contato conosco"}]},{"@type":"WebSite","@id":"https:\/\/ironfityou.com\/#website","url":"https:\/\/ironfityou.com\/","name":"Iron Fit You","description":"Iron Fit You - Your health in real time","potentialAction":[{"@type":"SearchAction","target":{"@type":"EntryPoint","urlTemplate":"https:\/\/ironfityou.com\/?s={search_term_string}"},"query-input":{"@type":"PropertyValueSpecification","valueRequired":true,"valueName":"search_term_string"}}],"inLanguage":"pt-BR"}]}},"_links":{"self":[{"href":"https:\/\/ironfityou.com\/pt-br\/wp-json\/wp\/v2\/pages\/261","targetHints":{"allow":["GET"]}}],"collection":[{"href":"https:\/\/ironfityou.com\/pt-br\/wp-json\/wp\/v2\/pages"}],"about":[{"href":"https:\/\/ironfityou.com\/pt-br\/wp-json\/wp\/v2\/types\/page"}],"author":[{"embeddable":true,"href":"https:\/\/ironfityou.com\/pt-br\/wp-json\/wp\/v2\/users\/1"}],"replies":[{"embeddable":true,"href":"https:\/\/ironfityou.com\/pt-br\/wp-json\/wp\/v2\/comments?post=261"}],"version-history":[{"count":14,"href":"https:\/\/ironfityou.com\/pt-br\/wp-json\/wp\/v2\/pages\/261\/revisions"}],"predecessor-version":[{"id":1234,"href":"https:\/\/ironfityou.com\/pt-br\/wp-json\/wp\/v2\/pages\/261\/revisions\/1234"}],"wp:featuredmedia":[{"embeddable":true,"href":"https:\/\/ironfityou.com\/pt-br\/wp-json\/wp\/v2\/media\/1199"}],"wp:attachment":[{"href":"https:\/\/ironfityou.com\/pt-br\/wp-json\/wp\/v2\/media?parent=261"}],"curies":[{"name":"wp","href":"https:\/\/api.w.org\/{rel}","templated":true}]}}