{"id":2527,"date":"2026-04-07T19:59:29","date_gmt":"2026-04-07T14:29:29","guid":{"rendered":"https:\/\/ironfityou.com\/terms-and-conditions\/"},"modified":"2026-04-07T20:08:32","modified_gmt":"2026-04-07T14:38:32","slug":"termos-e-condicoes","status":"publish","type":"page","link":"https:\/\/ironfityou.com\/pt-br\/termos-e-condicoes\/","title":{"rendered":"Termos e Condi\u00e7\u00f5es"},"content":{"rendered":"<div class=\"main-privacy\">\r\n<h2>1. Aceita\u00e7\u00e3o<\/h2>\r\n<p class=\"test\">Ao usar o aplicativo, voc\u00ea aceita estes Termos.<\/p>\r\n\r\n<h2>2. Servi\u00e7o<\/h2>\r\n<p class=\"test\">Aplicativo de <strong>bem-estar e fitness<\/strong> com:<\/p>\r\n\r\n<ul class=\"two-column\">\r\n \t<li>Atividade<\/li>\r\n \t<li>Sono<\/li>\r\n \t<li>Frequ\u00eancia card\u00edaca<\/li>\r\n \t<li>Insights<\/li>\r\n<\/ul>\r\n<p class=\"test\">\u26a0\ufe0f N\u00e3o \u00e9 dispositivo m\u00e9dico.<\/p>\r\n\r\n<h2>3. Disclaimer de Sa\u00fade<\/h2>\r\n<p class=\"test\">Tecnologia <strong>PPG<\/strong> \u2192 dados estimados.<\/p>\r\n<p class=\"test\">N\u00e3o usar para decis\u00f5es m\u00e9dicas.<\/p>\r\n\r\n<h2>4. Idade<\/h2>\r\n<p class=\"test\">13+<\/p>\r\n<h2>5. Conta<\/h2>\r\n<p class=\"test\">Email + senha.<\/p>\r\n\r\n<h2>6. Uso<\/h2>\r\n<p class=\"test\">Proibido uso indevido.<\/p>\r\n\r\n<h2>7. Dispositivo<\/h2>\r\n<p class=\"test\">BLE.<\/p>\r\n\r\n<h2>8. Privacidade<\/h2>\r\n<p class=\"test\">Ver Pol\u00edtica de Privacidade.<\/p>\r\n\r\n<h2>9. Terceiros<\/h2>\r\n<p class=\"test\">Firebase.<\/p>\r\n\r\n<h2>10. Propriedade<\/h2>\r\n<p class=\"test\">Iron Fit.<\/p>\r\n\r\n<h2>11. Encerramento<\/h2>\r\n<p class=\"test\">Podemos suspender conta.<\/p>\r\n\r\n<h2>12. Responsabilidade<\/h2>\r\n<p class=\"test\">App \u201ccomo est\u00e1\u201d.<\/p>\r\n\r\n<h2>13. Garantias<\/h2>\r\n<p class=\"test\">Nenhuma garantia.<\/p>\r\n\r\n<h2>14. Altera\u00e7\u00f5es<\/h2>\r\n<p class=\"test\">Podem ocorrer.<\/p>\r\n\r\n<h2>15. Lei<\/h2>\r\n<p class=\"test\">Brasil.<\/p>\r\n\r\n<h2>16. Contato<\/h2>\r\n<p class=\"test\"><a href=\"mailto:info@ironfityou.com\">info@ironfityou.com<\/a><\/p>\r\n\r\n<h2>17. Store<\/h2>\r\n<p class=\"test\">Apple\/Google n\u00e3o respons\u00e1veis.<\/p>\r\n\r\n<h2>18. Proibido<\/h2>\r\n<p class=\"test\">Uso m\u00e9dico.<\/p>\r\n\r\n<h2>19. Acordo<\/h2>\r\n<p class=\"test\">Completo.<\/p>\r\n\r\n<\/div>","protected":false},"excerpt":{"rendered":"<p>1. Aceita\u00e7\u00e3o Ao usar o aplicativo, voc\u00ea aceita estes Termos. 2. Servi\u00e7o Aplicativo de bem-estar e fitness com: Atividade Sono Frequ\u00eancia card\u00edaca Insights \u26a0\ufe0f N\u00e3o \u00e9 dispositivo m\u00e9dico. 3. Disclaimer de Sa\u00fade Tecnologia PPG \u2192 dados estimados. N\u00e3o usar para decis\u00f5es m\u00e9dicas. 4. Idade 13+ 5. Conta Email + senha. 6. Uso Proibido uso indevido. [&hellip;]<\/p>\n","protected":false},"author":1,"featured_media":1199,"parent":0,"menu_order":0,"comment_status":"closed","ping_status":"closed","template":"","meta":{"_acf_changed":false,"inline_featured_image":false,"footnotes":""},"class_list":["post-2527","page","type-page","status-publish","has-post-thumbnail","hentry"],"acf":[],"yoast_head":"<!-- This site is optimized with the Yoast SEO plugin v27.1.1 - https:\/\/yoast.com\/product\/yoast-seo-wordpress\/ -->\n<title>Termos e Condi\u00e7\u00f5es - Iron Fit You<\/title>\n<meta name=\"robots\" content=\"index, follow, max-snippet:-1, max-image-preview:large, max-video-preview:-1\" \/>\n<link rel=\"canonical\" href=\"https:\/\/ironfityou.com\/pt-br\/termos-e-condicoes\/\" \/>\n<meta property=\"og:locale\" content=\"pt_BR\" \/>\n<meta property=\"og:type\" content=\"article\" \/>\n<meta property=\"og:title\" content=\"Termos e Condi\u00e7\u00f5es - Iron Fit You\" \/>\n<meta property=\"og:description\" content=\"1. Aceita\u00e7\u00e3o Ao usar o aplicativo, voc\u00ea aceita estes Termos. 2. Servi\u00e7o Aplicativo de bem-estar e fitness com: Atividade Sono Frequ\u00eancia card\u00edaca Insights \u26a0\ufe0f N\u00e3o \u00e9 dispositivo m\u00e9dico. 3. Disclaimer de Sa\u00fade Tecnologia PPG \u2192 dados estimados. N\u00e3o usar para decis\u00f5es m\u00e9dicas. 4. Idade 13+ 5. Conta Email + senha. 6. Uso Proibido uso indevido. [&hellip;]\" \/>\n<meta property=\"og:url\" content=\"https:\/\/ironfityou.com\/pt-br\/termos-e-condicoes\/\" \/>\n<meta property=\"og:site_name\" content=\"Iron Fit You\" \/>\n<meta property=\"article:modified_time\" content=\"2026-04-07T14:38:32+00:00\" \/>\n<meta property=\"og:image\" content=\"https:\/\/ironfityou.com\/wp-content\/uploads\/2025\/11\/iron-fit-you-og-pic1.png\" \/>\n\t<meta property=\"og:image:width\" content=\"1200\" \/>\n\t<meta property=\"og:image:height\" content=\"630\" \/>\n\t<meta property=\"og:image:type\" content=\"image\/png\" \/>\n<meta name=\"twitter:card\" content=\"summary_large_image\" \/>\n<meta name=\"twitter:label1\" content=\"Est. tempo de leitura\" \/>\n\t<meta name=\"twitter:data1\" content=\"1 minuto\" \/>\n<script type=\"application\/ld+json\" class=\"yoast-schema-graph\">{\"@context\":\"https:\/\/schema.org\",\"@graph\":[{\"@type\":\"WebPage\",\"@id\":\"https:\/\/ironfityou.com\/pt-br\/termos-e-condicoes\/\",\"url\":\"https:\/\/ironfityou.com\/pt-br\/termos-e-condicoes\/\",\"name\":\"Termos e Condi\u00e7\u00f5es - Iron Fit You\",\"isPartOf\":{\"@id\":\"https:\/\/ironfityou.com\/#website\"},\"primaryImageOfPage\":{\"@id\":\"https:\/\/ironfityou.com\/pt-br\/termos-e-condicoes\/#primaryimage\"},\"image\":{\"@id\":\"https:\/\/ironfityou.com\/pt-br\/termos-e-condicoes\/#primaryimage\"},\"thumbnailUrl\":\"https:\/\/ironfityou.com\/wp-content\/uploads\/2025\/11\/iron-fit-you-og-pic1.png\",\"datePublished\":\"2026-04-07T14:29:29+00:00\",\"dateModified\":\"2026-04-07T14:38:32+00:00\",\"breadcrumb\":{\"@id\":\"https:\/\/ironfityou.com\/pt-br\/termos-e-condicoes\/#breadcrumb\"},\"inLanguage\":\"pt-BR\",\"potentialAction\":[{\"@type\":\"ReadAction\",\"target\":[\"https:\/\/ironfityou.com\/pt-br\/termos-e-condicoes\/\"]}]},{\"@type\":\"ImageObject\",\"inLanguage\":\"pt-BR\",\"@id\":\"https:\/\/ironfityou.com\/pt-br\/termos-e-condicoes\/#primaryimage\",\"url\":\"https:\/\/ironfityou.com\/wp-content\/uploads\/2025\/11\/iron-fit-you-og-pic1.png\",\"contentUrl\":\"https:\/\/ironfityou.com\/wp-content\/uploads\/2025\/11\/iron-fit-you-og-pic1.png\",\"width\":1200,\"height\":630},{\"@type\":\"BreadcrumbList\",\"@id\":\"https:\/\/ironfityou.com\/pt-br\/termos-e-condicoes\/#breadcrumb\",\"itemListElement\":[{\"@type\":\"ListItem\",\"position\":1,\"name\":\"Home\",\"item\":\"https:\/\/ironfityou.com\/pt-br\/\"},{\"@type\":\"ListItem\",\"position\":2,\"name\":\"Termos e Condi\u00e7\u00f5es\"}]},{\"@type\":\"WebSite\",\"@id\":\"https:\/\/ironfityou.com\/#website\",\"url\":\"https:\/\/ironfityou.com\/\",\"name\":\"Iron Fit You\",\"description\":\"Iron Fit You - Your health in real time\",\"potentialAction\":[{\"@type\":\"SearchAction\",\"target\":{\"@type\":\"EntryPoint\",\"urlTemplate\":\"https:\/\/ironfityou.com\/?s={search_term_string}\"},\"query-input\":{\"@type\":\"PropertyValueSpecification\",\"valueRequired\":true,\"valueName\":\"search_term_string\"}}],\"inLanguage\":\"pt-BR\"}]}<\/script>\n<!-- \/ Yoast SEO plugin. -->","yoast_head_json":{"title":"Termos e Condi\u00e7\u00f5es - Iron Fit You","robots":{"index":"index","follow":"follow","max-snippet":"max-snippet:-1","max-image-preview":"max-image-preview:large","max-video-preview":"max-video-preview:-1"},"canonical":"https:\/\/ironfityou.com\/pt-br\/termos-e-condicoes\/","og_locale":"pt_BR","og_type":"article","og_title":"Termos e Condi\u00e7\u00f5es - Iron Fit You","og_description":"1. Aceita\u00e7\u00e3o Ao usar o aplicativo, voc\u00ea aceita estes Termos. 2. Servi\u00e7o Aplicativo de bem-estar e fitness com: Atividade Sono Frequ\u00eancia card\u00edaca Insights \u26a0\ufe0f N\u00e3o \u00e9 dispositivo m\u00e9dico. 3. Disclaimer de Sa\u00fade Tecnologia PPG \u2192 dados estimados. N\u00e3o usar para decis\u00f5es m\u00e9dicas. 4. Idade 13+ 5. Conta Email + senha. 6. Uso Proibido uso indevido. [&hellip;]","og_url":"https:\/\/ironfityou.com\/pt-br\/termos-e-condicoes\/","og_site_name":"Iron Fit You","article_modified_time":"2026-04-07T14:38:32+00:00","og_image":[{"width":1200,"height":630,"url":"https:\/\/ironfityou.com\/wp-content\/uploads\/2025\/11\/iron-fit-you-og-pic1.png","type":"image\/png"}],"twitter_card":"summary_large_image","twitter_misc":{"Est. tempo de leitura":"1 minuto"},"schema":{"@context":"https:\/\/schema.org","@graph":[{"@type":"WebPage","@id":"https:\/\/ironfityou.com\/pt-br\/termos-e-condicoes\/","url":"https:\/\/ironfityou.com\/pt-br\/termos-e-condicoes\/","name":"Termos e Condi\u00e7\u00f5es - Iron Fit You","isPartOf":{"@id":"https:\/\/ironfityou.com\/#website"},"primaryImageOfPage":{"@id":"https:\/\/ironfityou.com\/pt-br\/termos-e-condicoes\/#primaryimage"},"image":{"@id":"https:\/\/ironfityou.com\/pt-br\/termos-e-condicoes\/#primaryimage"},"thumbnailUrl":"https:\/\/ironfityou.com\/wp-content\/uploads\/2025\/11\/iron-fit-you-og-pic1.png","datePublished":"2026-04-07T14:29:29+00:00","dateModified":"2026-04-07T14:38:32+00:00","breadcrumb":{"@id":"https:\/\/ironfityou.com\/pt-br\/termos-e-condicoes\/#breadcrumb"},"inLanguage":"pt-BR","potentialAction":[{"@type":"ReadAction","target":["https:\/\/ironfityou.com\/pt-br\/termos-e-condicoes\/"]}]},{"@type":"ImageObject","inLanguage":"pt-BR","@id":"https:\/\/ironfityou.com\/pt-br\/termos-e-condicoes\/#primaryimage","url":"https:\/\/ironfityou.com\/wp-content\/uploads\/2025\/11\/iron-fit-you-og-pic1.png","contentUrl":"https:\/\/ironfityou.com\/wp-content\/uploads\/2025\/11\/iron-fit-you-og-pic1.png","width":1200,"height":630},{"@type":"BreadcrumbList","@id":"https:\/\/ironfityou.com\/pt-br\/termos-e-condicoes\/#breadcrumb","itemListElement":[{"@type":"ListItem","position":1,"name":"Home","item":"https:\/\/ironfityou.com\/pt-br\/"},{"@type":"ListItem","position":2,"name":"Termos e Condi\u00e7\u00f5es"}]},{"@type":"WebSite","@id":"https:\/\/ironfityou.com\/#website","url":"https:\/\/ironfityou.com\/","name":"Iron Fit You","description":"Iron Fit You - Your health in real time","potentialAction":[{"@type":"SearchAction","target":{"@type":"EntryPoint","urlTemplate":"https:\/\/ironfityou.com\/?s={search_term_string}"},"query-input":{"@type":"PropertyValueSpecification","valueRequired":true,"valueName":"search_term_string"}}],"inLanguage":"pt-BR"}]}},"_links":{"self":[{"href":"https:\/\/ironfityou.com\/pt-br\/wp-json\/wp\/v2\/pages\/2527","targetHints":{"allow":["GET"]}}],"collection":[{"href":"https:\/\/ironfityou.com\/pt-br\/wp-json\/wp\/v2\/pages"}],"about":[{"href":"https:\/\/ironfityou.com\/pt-br\/wp-json\/wp\/v2\/types\/page"}],"author":[{"embeddable":true,"href":"https:\/\/ironfityou.com\/pt-br\/wp-json\/wp\/v2\/users\/1"}],"replies":[{"embeddable":true,"href":"https:\/\/ironfityou.com\/pt-br\/wp-json\/wp\/v2\/comments?post=2527"}],"version-history":[{"count":3,"href":"https:\/\/ironfityou.com\/pt-br\/wp-json\/wp\/v2\/pages\/2527\/revisions"}],"predecessor-version":[{"id":2531,"href":"https:\/\/ironfityou.com\/pt-br\/wp-json\/wp\/v2\/pages\/2527\/revisions\/2531"}],"wp:featuredmedia":[{"embeddable":true,"href":"https:\/\/ironfityou.com\/pt-br\/wp-json\/wp\/v2\/media\/1199"}],"wp:attachment":[{"href":"https:\/\/ironfityou.com\/pt-br\/wp-json\/wp\/v2\/media?parent=2527"}],"curies":[{"name":"wp","href":"https:\/\/api.w.org\/{rel}","templated":true}]}}