{"id":174,"date":"2025-10-06T05:21:05","date_gmt":"2025-10-06T05:21:05","guid":{"rendered":"https:\/\/ify.estatic-infotech.com\/?page_id=174"},"modified":"2026-03-05T07:17:47","modified_gmt":"2026-03-05T07:17:47","slug":"sobre-nos","status":"publish","type":"page","link":"https:\/\/ironfityou.com\/pt-br\/sobre-nos\/","title":{"rendered":"Sobre n\u00f3s"},"content":{"rendered":"<section class=\"hero-section contact-page about\"><!-- Animated Background Elements -->\r\n<div class=\"hero-bg-elements\">\r\n<div class=\"float-element float-1\"><\/div>\r\n<!--\r\n<div class=\"float-element float-2\"><\/div>\r\n-->\r\n<div class=\"float-element float-3\"><\/div>\r\n<div class=\"float-element float-4\"><\/div>\r\n<\/div>\r\n<div class=\"container-xxl h-100\">\r\n<div class=\"row align-items-center\">\r\n\r\n<!-- Content Section -->\r\n<div class=\"col-md-8 text-center text-md-start\">\r\n<div class=\"hero-content animate-fade-in\">\r\n<h1 class=\"hero-headline\"><span class=\"text-white d-block\">Sobre n\u00f3s<\/span><\/h1>\r\n<p class=\"hero-description\">A Iron \u00e9 uma empresa multinacional de tecnologia e sa\u00fade, fundada nos Estados Unidos em 2014, com o prop\u00f3sito de transformar a forma como o cuidado \u00e9 entregue. Com presen\u00e7a em cinco pa\u00edses e mais de 5 milh\u00f5es de vidas atendidas, a Iron \u00e9 refer\u00eancia em Telemedicina, Sa\u00fade Preventiva e Intelig\u00eancia em Sa\u00fade Populacional.<\/p>\r\n<p class=\"hero-description m-0\">Nossa miss\u00e3o \u00e9 unir tecnologia, ci\u00eancia e empatia para ampliar o acesso \u00e0 sa\u00fade e melhorar a qualidade de vida das pessoas. Atuamos em parceria com governos, operadoras, empresas e profissionais de sa\u00fade, oferecendo plataformas digitais que integram monitoramento cont\u00ednuo, IA e an\u00e1lise de dados cl\u00ednicos para decis\u00f5es mais precisas e programas mais eficazes..<\/p>\r\n\r\n<\/div>\r\n<\/div>\r\n<\/div>\r\n<\/div>\r\n<!-- Bottom Wave -->\r\n<div class=\"hero-wave\"><\/div>\r\n<\/section><!-- Your Data Section -->\r\n\r\n<section id=\"your-data\" class=\"section-padding\">\r\n<div class=\"container-xxl\">\r\n<div class=\"row g-4 g-xxl-5 align-items-center\">\r\n\r\n<!-- Left Content -->\r\n<div class=\"col-lg-7\">\r\n<h2 class=\"section-title\">Iron Fit You <span class=\"gradient-text\">(IFY)<\/span><\/h2>\r\n<p class=\"section-description\" style=\"margin-bottom: 1.5rem;\">Performance, bem-estar e autoconhecimento em uma s\u00f3 experi\u00eancia. A Iron Fit You \u00e9 uma empresa do grupo Iron, dedicada a levar para o indiv\u00edduo a mesma intelig\u00eancia de dados aplicada pela Iron em programas de sa\u00fade populacional.<\/p>\r\n<p class=\"section-description\">Combinando wearables inteligentes, intelig\u00eancia artificial e gamifica\u00e7\u00e3o, o IFY transforma dados pessoais em decis\u00f5es, h\u00e1bitos e resultados.<\/p>\r\n<p class=\"section-description\">O aplicativo e a pulseira IFY monitoram continuamente indicadores fisiol\u00f3gicos \u2014 como batimentos card\u00edacos, sono, estresse e recupera\u00e7\u00e3o \u2014 traduzindo-os em pontua\u00e7\u00f5es e desafios di\u00e1rios que incentivam o equil\u00edbrio entre corpo e mente.<\/p>\r\n<p class=\"section-description\">Mais do que um app de performance, o IFY \u00e9 um movimento por autoconhecimento e qualidade de vida, conectado \u00e0 ci\u00eancia e \u00e0 tecnologia da Iron.<\/p>\r\n\r\n<div class=\"data-features\">\r\n<div class=\"data-feature\">\r\n\r\n<i class=\"data-icon\" data-lucide=\"user-check\">user-check<\/i>\r\n<h3 class=\"gradient-text lh-sm\">Mais de 500 mil usu\u00e1rios ativos<\/h3>\r\n<p class=\"description\">Transformando vidas todos os dias com monitoramento de condicionamento f\u00edsico mais inteligente.<\/p>\r\n\r\n<\/div>\r\n<div class=\"data-feature\">\r\n\r\n<i class=\"data-icon\" data-lucide=\"trending-up\">trending-up<\/i>\r\n<h3 class=\"gradient-text lh-sm\">Mais de 200.000 treinos registrados<\/h3>\r\n<p class=\"description\">Ajudando os usu\u00e1rios a permanecerem consistentes e atingirem seus objetivos.<\/p>\r\n\r\n<\/div>\r\n<div class=\"data-feature\">\r\n\r\n<i class=\"data-icon\" data-lucide=\"user-star\">user-star<\/i>\r\n<h3 class=\"gradient-text lh-sm\">Taxa de satisfa\u00e7\u00e3o do usu\u00e1rio de 95%<\/h3>\r\n<p class=\"description\">Amantes do fitness do mundo todo confiam em voc\u00ea para obter progresso com foco em resultados.<\/p>\r\n\r\n<\/div>\r\n<div class=\"data-feature\">\r\n\r\n<i class=\"data-icon\" data-lucide=\"flag\">flag<\/i>\r\n<h3 class=\"gradient-text lh-sm\">Mais de 30 pa\u00edses cobertos<\/h3>\r\n<p class=\"description\">Uma comunidade global de fitness se fortalecendo em conjunto.<\/p>\r\n\r\n<\/div>\r\n<\/div>\r\n<\/div>\r\n<!-- Right Visual -->\r\n<div class=\"col-lg-5 text-center\">\r\n<div class=\"animate-fade-in\"><img decoding=\"async\" class=\"img-fluid rounded-3 shadow-lg\" src=\"\/wp-content\/themes\/ify-theme\/assets\/images\/your-data-our-care-pt.webp\" alt=\"Data Analytics Dashboard\" \/><\/div>\r\n<\/div>\r\n<\/div>\r\n<\/div>\r\n<\/section><!-- For You Section -->\r\n\r\n<section id=\"for-you\" class=\"section-padding bg-subtle overflow-hidden\">\r\n<div class=\"container\">\r\n<div class=\"row g-4 g-xxl-5 align-items-center\">\r\n\r\n<!-- Left Visual -->\r\n<div class=\"col-lg-6 text-center\">\r\n<div class=\"device-container animate-fade-in\">\r\n\r\n<!--\r\n<div class=\"device-glow\"><\/div>\r\n-->\r\n<div class=\"device-wrapper\">\r\n<div class=\"floating-ring\"><\/div>\r\n<img decoding=\"async\" class=\"device-image\" src=\"\/wp-content\/themes\/ify-theme\/assets\/images\/fitness-band.webp\" alt=\"IRONFitYou Smart Fitness Band\" \/> <!-- Floating Stats -->\r\n<div class=\"floating-stat stat-1\">\r\n<div class=\"stat-value\">98<\/div>\r\n<div class=\"stat-label\">BPM<\/div>\r\n<\/div>\r\n<div class=\"floating-stat stat-2\">\r\n<div class=\"stat-value\">7.2K<\/div>\r\n<div class=\"stat-label\">STEPS<\/div>\r\n<\/div>\r\n<\/div>\r\n<\/div>\r\n<\/div>\r\n<!-- Right Content -->\r\n<div class=\"col-lg-6\">\r\n<div class=\"inner-box\">\r\n<h2 class=\"section-title\">Nossa <span class=\"gradient-text\">Miss\u00e3o<\/span><\/h2>\r\n<p class=\"description text-start\">Na Iron Fit You, nossa miss\u00e3o \u00e9 transformar dados em decis\u00f5es e h\u00e1bitos em resultados. Unimos ci\u00eancia, tecnologia e motiva\u00e7\u00e3o para que cada pessoa possa compreender seu corpo, equilibrar mente e corpo e evoluir de forma sustent\u00e1vel.<\/p>\r\n\r\n<div class=\"result-card gradient mt-5\">\r\n<p class=\"description\">Acreditamos que a verdadeira performance nasce do autoconhecimento e da consist\u00eancia \u2014 e estamos aqui para tornar essa jornada simples, inteligente e acess\u00edvel para todos.<\/p>\r\n\r\n<\/div>\r\n<\/div>\r\n<\/div>\r\n<\/div>\r\n<\/div>\r\n<\/section><!-- Your Heart Section -->\r\n\r\n<section id=\"your-heart\" class=\"section-padding\">\r\n<div class=\"container-xxl\">\r\n<div class=\"row g-4 g-xxl-5 align-items-center\">\r\n\r\n<!-- Right Content -->\r\n<div class=\"col-lg-6\">\r\n<h2 class=\"section-title\">Nossa <span class=\"gradient-text\">Vis\u00e3o<\/span><\/h2>\r\n<p class=\"section-description\">Na Iron Fit You, vislumbramos um futuro em que cada pessoa possa compreender e otimizar sua sa\u00fade de forma inteligente e acess\u00edvel. Queremos que o bem-estar e a performance sejam parte natural da vida \u2014 n\u00e3o como metas distantes, mas como um estilo de viver equilibrado entre corpo e mente. Acreditamos em uma nova era de autoconhecimento guiado por dados, onde tecnologia, ci\u00eancia e motiva\u00e7\u00e3o se unem para promover autonomia, consist\u00eancia e transforma\u00e7\u00e3o real.<\/p>\r\n\r\n<div class=\"data-features\">\r\n<div class=\"data-feature\">\r\n\r\n<i class=\"data-icon\" data-lucide=\"file-text\">file-text<\/i>\r\n<h4>Empoderando Indiv\u00edduos<\/h4>\r\n<p class=\"description\">Oferecemos ferramentas inovadoras, insights em tempo real e orienta\u00e7\u00e3o personalizada que ajudam as pessoas a assumir o controle de sua jornada fitness com confian\u00e7a.<\/p>\r\n\r\n<\/div>\r\n<div class=\"data-feature\">\r\n\r\n<i class=\"data-icon\" data-lucide=\"globe\">globe<\/i>\r\n<h4>Construindo uma Comunidade Global<\/h4>\r\n<p class=\"description\">Conectamos entusiastas do fitness no mundo todo, promovendo um espa\u00e7o de apoio onde o progresso \u00e9 comemorado e a motiva\u00e7\u00e3o nunca acaba.<\/p>\r\n\r\n<\/div>\r\n<\/div>\r\n<\/div>\r\n<!-- Left Visual -->\r\n<div class=\"col-lg-6 text-center\"><img decoding=\"async\" class=\"img-fluid rounded-4\" src=\"\/wp-content\/themes\/ify-theme\/assets\/images\/out-vision.jpg\" alt=\"Heart Anatomy\" \/><\/div>\r\n<\/div>\r\n<\/div>\r\n<\/section><!-- Challenges Section (Why IFY) -->\r\n\r\n\r\n<section class=\"section-padding portfolio-sec dark-gradient\">\r\n    <div class=\"container\">\r\n        <div class=\"col-lg-10 mb-4 mb-lg-5 text-center mx-auto\">\r\n            <h2 class=\"section-title\">Confira algumas das empresas que fazem parte do <span class=\"gradient-text\">Portf\u00f3lio Iron.<\/span><\/h2>\r\n        <\/div>\r\n        \r\n        <div class=\"col-12 corpo-grid\">\r\n            <div class=\"logo-corpo\">\r\n                <img decoding=\"async\" class=\"img-fluid\" src=\"\/wp-content\/themes\/ify-theme\/assets\/images\/corpo-logo1.svg\" alt=\"\" \/>\r\n            <\/div>\r\n              <div class=\"logo-corpo\">\r\n                <img decoding=\"async\" class=\"img-fluid\" src=\"\/wp-content\/themes\/ify-theme\/assets\/images\/corpo-logo2.svg\" alt=\"\" \/>\r\n            <\/div>\r\n              <div class=\"logo-corpo\">\r\n                <img decoding=\"async\" class=\"img-fluid\" src=\"\/wp-content\/themes\/ify-theme\/assets\/images\/corpo-logo3.svg\" alt=\"\" \/>\r\n            <\/div>\r\n              <div class=\"logo-corpo\">\r\n                <img decoding=\"async\" class=\"img-fluid\" src=\"\/wp-content\/themes\/ify-theme\/assets\/images\/corpo-logo4.svg\" alt=\"\" \/>\r\n            <\/div>\r\n              <div class=\"logo-corpo\">\r\n                <img decoding=\"async\" class=\"img-fluid\" src=\"\/wp-content\/themes\/ify-theme\/assets\/images\/corpo-logo5.svg\" alt=\"\" \/>\r\n            <\/div>\r\n              <div class=\"logo-corpo\">\r\n                <img decoding=\"async\" class=\"img-fluid\" src=\"\/wp-content\/themes\/ify-theme\/assets\/images\/corpo-logo6.png\" alt=\"\" \/>\r\n            <\/div>\r\n              <div class=\"logo-corpo\">\r\n                <img decoding=\"async\" class=\"img-fluid\" src=\"\/wp-content\/themes\/ify-theme\/assets\/images\/corpo-logo7.svg\" alt=\"\" \/>\r\n            <\/div>\r\n              <div class=\"logo-corpo\">\r\n                <img decoding=\"async\" class=\"img-fluid\" src=\"\/wp-content\/themes\/ify-theme\/assets\/images\/corpo-logo8.svg\" alt=\"\" \/>\r\n            <\/div>\r\n              <div class=\"logo-corpo\">\r\n                <img decoding=\"async\" class=\"img-fluid\" src=\"\/wp-content\/themes\/ify-theme\/assets\/images\/corpo-logo9.svg\" alt=\"\" \/>\r\n            <\/div>\r\n              <div class=\"logo-corpo\">\r\n                <img decoding=\"async\" class=\"img-fluid\" src=\"\/wp-content\/themes\/ify-theme\/assets\/images\/corpo-logo10.svg\" alt=\"\" \/>\r\n            <\/div>\r\n              <div class=\"logo-corpo\">\r\n                <img decoding=\"async\" class=\"img-fluid\" src=\"\/wp-content\/themes\/ify-theme\/assets\/images\/corpo-logo11.svg\" alt=\"\" \/>\r\n            <\/div>\r\n              <div class=\"logo-corpo\">\r\n                <img decoding=\"async\" class=\"img-fluid\" src=\"\/wp-content\/themes\/ify-theme\/assets\/images\/corpo-logo12.svg\" alt=\"\" \/>\r\n            <\/div>\r\n        <\/div>\r\n    <\/div>\r\n<\/section>\r\n\r\n\r\n\r\n<section id=\"cta\" class=\"cta-section\">\r\n<div class=\"container-xxl\">\r\n<div class=\"cta-content animate-fade-in\">\r\n<div class=\"row justify-content-center text-center\">\r\n<div class=\"col-xl-8\">\r\n<h2 class=\"cta-title lh-sm\">Pronto para transformar sua <span class=\"gradient-text\">jornada fitness?<\/span><\/h2>\r\n<p class=\"cta-description\">Transformar \u00e9 assumir o protagonismo da sua pr\u00f3pria hist\u00f3ria \u2014 com prop\u00f3sito, equil\u00edbrio e consci\u00eancia. Com a for\u00e7a da Iron e a inova\u00e7\u00e3o da Iron Fit You, tecnologia e ci\u00eancia se unem para despertar o melhor em voc\u00ea e tornar o cuidado com a sa\u00fade uma experi\u00eancia viva, inspiradora e cont\u00ednua.<\/p>\r\n<a class=\"btn btn-outline-light\" href=\"https:\/\/ironfityou.com\/pt-br\/contato\/\">Comece sua jornada Iron Fit You!<\/a>\r\n\r\n<\/div>\r\n<\/div>\r\n<\/div>\r\n<\/div>\r\n<\/section>","protected":false},"excerpt":{"rendered":"<p>Sobre n\u00f3s A Iron \u00e9 uma empresa multinacional de tecnologia e sa\u00fade, fundada nos Estados Unidos em 2014, com o prop\u00f3sito de transformar a forma como o cuidado \u00e9 entregue. Com presen\u00e7a em cinco pa\u00edses e mais de 5 milh\u00f5es de vidas atendidas, a Iron \u00e9 refer\u00eancia em Telemedicina, Sa\u00fade Preventiva e Intelig\u00eancia em Sa\u00fade [&hellip;]<\/p>\n","protected":false},"author":1,"featured_media":1199,"parent":0,"menu_order":0,"comment_status":"closed","ping_status":"closed","template":"templates\/about-us.php","meta":{"_acf_changed":false,"inline_featured_image":false,"footnotes":""},"class_list":["post-174","page","type-page","status-publish","has-post-thumbnail","hentry"],"acf":[],"yoast_head":"<!-- This site is optimized with the Yoast SEO plugin v27.1.1 - https:\/\/yoast.com\/product\/yoast-seo-wordpress\/ -->\n<title>Sobre n\u00f3s Iron Fit You - Transformando a Sa\u00fade com IA e Bem-Estar Inteligente<\/title>\n<meta name=\"description\" content=\"Conhe\u00e7a a IRON Fit You \u2014 uma plataforma global de sa\u00fade e bem-estar que combina intelig\u00eancia artificial, dispositivos vest\u00edveis inteligentes e an\u00e1lise de dados para ajudar voc\u00ea a equilibrar corpo e mente, melhorar o desempenho e viver de forma mais saud\u00e1vel. Descubra nossa miss\u00e3o, vis\u00e3o e impacto.\" \/>\n<meta name=\"robots\" content=\"index, follow, max-snippet:-1, max-image-preview:large, max-video-preview:-1\" \/>\n<link rel=\"canonical\" href=\"https:\/\/ironfityou.com\/pt-br\/sobre-nos\/\" \/>\n<meta property=\"og:locale\" content=\"pt_BR\" \/>\n<meta property=\"og:type\" content=\"article\" \/>\n<meta property=\"og:title\" content=\"Sobre n\u00f3s Iron Fit You - Transformando a Sa\u00fade com IA e Bem-Estar Inteligente\" \/>\n<meta property=\"og:description\" content=\"Conhe\u00e7a a IRON Fit You \u2014 uma plataforma global de sa\u00fade e bem-estar que combina intelig\u00eancia artificial, dispositivos vest\u00edveis inteligentes e an\u00e1lise de dados para ajudar voc\u00ea a equilibrar corpo e mente, melhorar o desempenho e viver de forma mais saud\u00e1vel. Descubra nossa miss\u00e3o, vis\u00e3o e impacto.\" \/>\n<meta property=\"og:url\" content=\"https:\/\/ironfityou.com\/pt-br\/sobre-nos\/\" \/>\n<meta property=\"og:site_name\" content=\"Iron Fit You\" \/>\n<meta property=\"article:modified_time\" content=\"2026-03-05T07:17:47+00:00\" \/>\n<meta property=\"og:image\" content=\"https:\/\/ironfityou.com\/wp-content\/uploads\/2025\/11\/iron-fit-you-og-pic1.png\" \/>\n\t<meta property=\"og:image:width\" content=\"1200\" \/>\n\t<meta property=\"og:image:height\" content=\"630\" \/>\n\t<meta property=\"og:image:type\" content=\"image\/png\" \/>\n<meta name=\"twitter:card\" content=\"summary_large_image\" \/>\n<meta name=\"twitter:label1\" content=\"Est. tempo de leitura\" \/>\n\t<meta name=\"twitter:data1\" content=\"6 minutos\" \/>\n<script type=\"application\/ld+json\" class=\"yoast-schema-graph\">{\"@context\":\"https:\/\/schema.org\",\"@graph\":[{\"@type\":\"WebPage\",\"@id\":\"https:\/\/ironfityou.com\/pt-br\/sobre-nos\/\",\"url\":\"https:\/\/ironfityou.com\/pt-br\/sobre-nos\/\",\"name\":\"Sobre n\u00f3s Iron Fit You - Transformando a Sa\u00fade com IA e Bem-Estar Inteligente\",\"isPartOf\":{\"@id\":\"https:\/\/ironfityou.com\/#website\"},\"primaryImageOfPage\":{\"@id\":\"https:\/\/ironfityou.com\/pt-br\/sobre-nos\/#primaryimage\"},\"image\":{\"@id\":\"https:\/\/ironfityou.com\/pt-br\/sobre-nos\/#primaryimage\"},\"thumbnailUrl\":\"https:\/\/ironfityou.com\/wp-content\/uploads\/2025\/11\/iron-fit-you-og-pic1.png\",\"datePublished\":\"2025-10-06T05:21:05+00:00\",\"dateModified\":\"2026-03-05T07:17:47+00:00\",\"description\":\"Conhe\u00e7a a IRON Fit You \u2014 uma plataforma global de sa\u00fade e bem-estar que combina intelig\u00eancia artificial, dispositivos vest\u00edveis inteligentes e an\u00e1lise de dados para ajudar voc\u00ea a equilibrar corpo e mente, melhorar o desempenho e viver de forma mais saud\u00e1vel. Descubra nossa miss\u00e3o, vis\u00e3o e impacto.\",\"breadcrumb\":{\"@id\":\"https:\/\/ironfityou.com\/pt-br\/sobre-nos\/#breadcrumb\"},\"inLanguage\":\"pt-BR\",\"potentialAction\":[{\"@type\":\"ReadAction\",\"target\":[\"https:\/\/ironfityou.com\/pt-br\/sobre-nos\/\"]}]},{\"@type\":\"ImageObject\",\"inLanguage\":\"pt-BR\",\"@id\":\"https:\/\/ironfityou.com\/pt-br\/sobre-nos\/#primaryimage\",\"url\":\"https:\/\/ironfityou.com\/wp-content\/uploads\/2025\/11\/iron-fit-you-og-pic1.png\",\"contentUrl\":\"https:\/\/ironfityou.com\/wp-content\/uploads\/2025\/11\/iron-fit-you-og-pic1.png\",\"width\":1200,\"height\":630},{\"@type\":\"BreadcrumbList\",\"@id\":\"https:\/\/ironfityou.com\/pt-br\/sobre-nos\/#breadcrumb\",\"itemListElement\":[{\"@type\":\"ListItem\",\"position\":1,\"name\":\"Home\",\"item\":\"https:\/\/ironfityou.com\/pt-br\/\"},{\"@type\":\"ListItem\",\"position\":2,\"name\":\"Sobre n\u00f3s\"}]},{\"@type\":\"WebSite\",\"@id\":\"https:\/\/ironfityou.com\/#website\",\"url\":\"https:\/\/ironfityou.com\/\",\"name\":\"Iron Fit You\",\"description\":\"Iron Fit You - Your health in real time\",\"potentialAction\":[{\"@type\":\"SearchAction\",\"target\":{\"@type\":\"EntryPoint\",\"urlTemplate\":\"https:\/\/ironfityou.com\/?s={search_term_string}\"},\"query-input\":{\"@type\":\"PropertyValueSpecification\",\"valueRequired\":true,\"valueName\":\"search_term_string\"}}],\"inLanguage\":\"pt-BR\"}]}<\/script>\n<!-- \/ Yoast SEO plugin. -->","yoast_head_json":{"title":"Sobre n\u00f3s Iron Fit You - Transformando a Sa\u00fade com IA e Bem-Estar Inteligente","description":"Conhe\u00e7a a IRON Fit You \u2014 uma plataforma global de sa\u00fade e bem-estar que combina intelig\u00eancia artificial, dispositivos vest\u00edveis inteligentes e an\u00e1lise de dados para ajudar voc\u00ea a equilibrar corpo e mente, melhorar o desempenho e viver de forma mais saud\u00e1vel. Descubra nossa miss\u00e3o, vis\u00e3o e impacto.","robots":{"index":"index","follow":"follow","max-snippet":"max-snippet:-1","max-image-preview":"max-image-preview:large","max-video-preview":"max-video-preview:-1"},"canonical":"https:\/\/ironfityou.com\/pt-br\/sobre-nos\/","og_locale":"pt_BR","og_type":"article","og_title":"Sobre n\u00f3s Iron Fit You - Transformando a Sa\u00fade com IA e Bem-Estar Inteligente","og_description":"Conhe\u00e7a a IRON Fit You \u2014 uma plataforma global de sa\u00fade e bem-estar que combina intelig\u00eancia artificial, dispositivos vest\u00edveis inteligentes e an\u00e1lise de dados para ajudar voc\u00ea a equilibrar corpo e mente, melhorar o desempenho e viver de forma mais saud\u00e1vel. Descubra nossa miss\u00e3o, vis\u00e3o e impacto.","og_url":"https:\/\/ironfityou.com\/pt-br\/sobre-nos\/","og_site_name":"Iron Fit You","article_modified_time":"2026-03-05T07:17:47+00:00","og_image":[{"width":1200,"height":630,"url":"https:\/\/ironfityou.com\/wp-content\/uploads\/2025\/11\/iron-fit-you-og-pic1.png","type":"image\/png"}],"twitter_card":"summary_large_image","twitter_misc":{"Est. tempo de leitura":"6 minutos"},"schema":{"@context":"https:\/\/schema.org","@graph":[{"@type":"WebPage","@id":"https:\/\/ironfityou.com\/pt-br\/sobre-nos\/","url":"https:\/\/ironfityou.com\/pt-br\/sobre-nos\/","name":"Sobre n\u00f3s Iron Fit You - Transformando a Sa\u00fade com IA e Bem-Estar Inteligente","isPartOf":{"@id":"https:\/\/ironfityou.com\/#website"},"primaryImageOfPage":{"@id":"https:\/\/ironfityou.com\/pt-br\/sobre-nos\/#primaryimage"},"image":{"@id":"https:\/\/ironfityou.com\/pt-br\/sobre-nos\/#primaryimage"},"thumbnailUrl":"https:\/\/ironfityou.com\/wp-content\/uploads\/2025\/11\/iron-fit-you-og-pic1.png","datePublished":"2025-10-06T05:21:05+00:00","dateModified":"2026-03-05T07:17:47+00:00","description":"Conhe\u00e7a a IRON Fit You \u2014 uma plataforma global de sa\u00fade e bem-estar que combina intelig\u00eancia artificial, dispositivos vest\u00edveis inteligentes e an\u00e1lise de dados para ajudar voc\u00ea a equilibrar corpo e mente, melhorar o desempenho e viver de forma mais saud\u00e1vel. Descubra nossa miss\u00e3o, vis\u00e3o e impacto.","breadcrumb":{"@id":"https:\/\/ironfityou.com\/pt-br\/sobre-nos\/#breadcrumb"},"inLanguage":"pt-BR","potentialAction":[{"@type":"ReadAction","target":["https:\/\/ironfityou.com\/pt-br\/sobre-nos\/"]}]},{"@type":"ImageObject","inLanguage":"pt-BR","@id":"https:\/\/ironfityou.com\/pt-br\/sobre-nos\/#primaryimage","url":"https:\/\/ironfityou.com\/wp-content\/uploads\/2025\/11\/iron-fit-you-og-pic1.png","contentUrl":"https:\/\/ironfityou.com\/wp-content\/uploads\/2025\/11\/iron-fit-you-og-pic1.png","width":1200,"height":630},{"@type":"BreadcrumbList","@id":"https:\/\/ironfityou.com\/pt-br\/sobre-nos\/#breadcrumb","itemListElement":[{"@type":"ListItem","position":1,"name":"Home","item":"https:\/\/ironfityou.com\/pt-br\/"},{"@type":"ListItem","position":2,"name":"Sobre n\u00f3s"}]},{"@type":"WebSite","@id":"https:\/\/ironfityou.com\/#website","url":"https:\/\/ironfityou.com\/","name":"Iron Fit You","description":"Iron Fit You - Your health in real time","potentialAction":[{"@type":"SearchAction","target":{"@type":"EntryPoint","urlTemplate":"https:\/\/ironfityou.com\/?s={search_term_string}"},"query-input":{"@type":"PropertyValueSpecification","valueRequired":true,"valueName":"search_term_string"}}],"inLanguage":"pt-BR"}]}},"_links":{"self":[{"href":"https:\/\/ironfityou.com\/pt-br\/wp-json\/wp\/v2\/pages\/174","targetHints":{"allow":["GET"]}}],"collection":[{"href":"https:\/\/ironfityou.com\/pt-br\/wp-json\/wp\/v2\/pages"}],"about":[{"href":"https:\/\/ironfityou.com\/pt-br\/wp-json\/wp\/v2\/types\/page"}],"author":[{"embeddable":true,"href":"https:\/\/ironfityou.com\/pt-br\/wp-json\/wp\/v2\/users\/1"}],"replies":[{"embeddable":true,"href":"https:\/\/ironfityou.com\/pt-br\/wp-json\/wp\/v2\/comments?post=174"}],"version-history":[{"count":28,"href":"https:\/\/ironfityou.com\/pt-br\/wp-json\/wp\/v2\/pages\/174\/revisions"}],"predecessor-version":[{"id":1047,"href":"https:\/\/ironfityou.com\/pt-br\/wp-json\/wp\/v2\/pages\/174\/revisions\/1047"}],"wp:featuredmedia":[{"embeddable":true,"href":"https:\/\/ironfityou.com\/pt-br\/wp-json\/wp\/v2\/media\/1199"}],"wp:attachment":[{"href":"https:\/\/ironfityou.com\/pt-br\/wp-json\/wp\/v2\/media?parent=174"}],"curies":[{"name":"wp","href":"https:\/\/api.w.org\/{rel}","templated":true}]}}