{"id":2030,"date":"2026-02-20T13:50:07","date_gmt":"2026-02-20T13:50:07","guid":{"rendered":"https:\/\/ironfityou.com\/?post_type=product&#038;p=2030"},"modified":"2026-04-15T13:53:48","modified_gmt":"2026-04-15T08:23:48","slug":"ify-1-0-performance-band-tracker-indossabile-per-la-salute","status":"publish","type":"product","link":"https:\/\/ironfityou.com\/it\/prodotto\/ify-1-0-performance-band-tracker-indossabile-per-la-salute\/","title":{"rendered":"IFY 1.0 Performance Band: tracker indossabile per la salute."},"content":{"rendered":"<div class=\"description-sec section-padding\"><img decoding=\"async\" class=\"alignnone fullback-bg size-medium wp-image-2425\" src=\"https:\/\/ironfityou.com\/wp-content\/uploads\/2026\/03\/description-bg-pic.webp\" alt=\"\" width=\"100%\" height=\"100%\" srcset=\"https:\/\/ironfityou.com\/wp-content\/uploads\/2026\/03\/description-bg-pic.webp 1920w, https:\/\/ironfityou.com\/wp-content\/uploads\/2026\/03\/description-bg-pic-300x165.webp 300w, https:\/\/ironfityou.com\/wp-content\/uploads\/2026\/03\/description-bg-pic-1024x564.webp 1024w, https:\/\/ironfityou.com\/wp-content\/uploads\/2026\/03\/description-bg-pic-768x423.webp 768w, https:\/\/ironfityou.com\/wp-content\/uploads\/2026\/03\/description-bg-pic-1536x846.webp 1536w, https:\/\/ironfityou.com\/wp-content\/uploads\/2026\/03\/description-bg-pic-600x330.webp 600w\" sizes=\"(max-width: 1920px) 100vw, 1920px\" \/>\r\n<div class=\"container-xxl\">\r\n<div class=\"row g-4 g-xxl-5 align-items-center\">\r\n<div class=\"col-lg-8 ms-auto\">\r\n<h2 class=\"heading-gradient\">Descrizione<\/h2>\r\n<div class=\"main-description d-flex flex-column gap-3\">\r\n<div class=\"col-12\">Iron Fit You 1.0 \u00e8 stata creata per chi cerca pi\u00f9 equilibrio, energia e prestazioni nella vita quotidiana.\r\nPi\u00f9 che misurare passi o battito cardiaco, interpreta il tuo corpo e la tua mente attraverso l\u2019intelligenza artificiale, aiutandoti a prendere decisioni migliori su allenamento, sonno e recupero.<\/div>\r\n<div class=\"col-12\">Con sensori all\u2019avanguardia e un\u2019integrazione completa con l\u2019app <strong class=\"text-white\">Iron Fit You<\/strong>, il braccialetto monitora il tuo ritmo 24 ore su 24 \u2014 traducendo i tuoi dati in punti, approfondimenti e raccomandazioni personalizzate.<\/div>\r\n<div class=\"col-12\">\r\n\r\n<strong class=\"text-white\">Il sistema Corpo + Mente di IFY combina scienza, IA e gamification per creare un\u2019esperienza unica:<\/strong>\r\n<ul class=\"body-mind-box\">\r\n \t<li><strong class=\"text-white\">Corpo:<\/strong> misura lo sforzo e il recupero, indicando quando accelerare o riposare.<\/li>\r\n \t<li><strong class=\"text-white\">Mente:<\/strong> analizza il sonno e la concentrazione, guidandoti su come migliorare la tua energia e il tuo focus.<\/li>\r\n<\/ul>\r\n<\/div>\r\n<div class=\"col-12\">Ogni giorno, l\u2019app imposta obiettivi intelligenti, adattati alla tua fase, al tuo stile di vita e al tuo livello di performance.\r\nTutto questo in un percorso gamificato, con leghe, ricompense e classifiche, che trasformano la cura della salute in un\u2019esperienza motivante e continua.<\/div>\r\n<div class=\"col-12\">\r\n\r\n<strong>Oltre al monitoraggio quotidiano, IFY offre:<\/strong>\r\n<ul class=\"other-list\">\r\n \t<li>Analisi automatiche di HRV, RHR, sonno e stress<\/li>\r\n \t<li>Avvisi di sovraccarico e raccomandazioni predittive<\/li>\r\n \t<li>Integrazione con professionisti e cliniche Iron Sa\u00fade<\/li>\r\n \t<li>Report settimanali sui tuoi progressi di Corpo e Mente<\/li>\r\n<\/ul>\r\n<\/div>\r\n<div class=\"col-12\">Iron Fit You 1.0 \u00e8 resistente all\u2019acqua (IP68), ha una batteria di lunga durata e si sincronizza automaticamente con l\u2019app sul tuo <strong class=\"text-white\">smartphone (iOS e Android)<\/strong>.<\/div>\r\n<div class=\"col-12\">\u00c8 comfort, tecnologia e scienza unite in un unico obiettivo: migliorare la tua vita ogni giorno.<\/div>\r\n<\/div>\r\n<\/div>\r\n<\/div>\r\n<\/div>\r\n<\/div>","protected":false},"excerpt":{"rendered":"<p>Descrizione Iron Fit You 1.0 \u00e8 stata creata per chi cerca pi\u00f9 equilibrio, energia e prestazioni nella vita quotidiana. Pi\u00f9 che misurare passi o battito cardiaco, interpreta il tuo corpo e la tua mente attraverso l\u2019intelligenza artificiale, aiutandoti a prendere decisioni migliori su allenamento, sonno e recupero. Con sensori all\u2019avanguardia e un\u2019integrazione completa con l\u2019app [&hellip;]<\/p>\n","protected":false},"featured_media":2393,"comment_status":"open","ping_status":"closed","template":"","meta":{"_acf_changed":false,"inline_featured_image":false},"product_brand":[],"product_cat":[37],"product_tag":[],"class_list":{"0":"post-2030","1":"product","2":"type-product","3":"status-publish","4":"has-post-thumbnail","6":"product_cat-band","7":"pa_colors-argento","8":"pa_colors-nero","9":"pa_size-260mm","10":"pa_size-210mm","12":"first","13":"outofstock","14":"taxable","15":"shipping-taxable","16":"purchasable","17":"product-type-variable","18":"has-default-attributes","19":"rtwpvg-product"},"acf":[],"yoast_head":"<!-- This site is optimized with the Yoast SEO plugin v27.1.1 - https:\/\/yoast.com\/product\/yoast-seo-wordpress\/ -->\n<title>IFY 1.0 Performance Band: tracker indossabile per la salute. - Iron Fit You<\/title>\n<meta name=\"robots\" content=\"index, follow, max-snippet:-1, max-image-preview:large, max-video-preview:-1\" \/>\n<link rel=\"canonical\" href=\"https:\/\/ironfityou.com\/it\/prodotto\/ify-1-0-performance-band-tracker-indossabile-per-la-salute\/\" \/>\n<meta property=\"og:locale\" content=\"it_IT\" \/>\n<meta property=\"og:type\" content=\"article\" \/>\n<meta property=\"og:title\" content=\"IFY 1.0 Performance Band: tracker indossabile per la salute. - Iron Fit You\" \/>\n<meta property=\"og:description\" content=\"Descrizione Iron Fit You 1.0 \u00e8 stata creata per chi cerca pi\u00f9 equilibrio, energia e prestazioni nella vita quotidiana. Pi\u00f9 che misurare passi o battito cardiaco, interpreta il tuo corpo e la tua mente attraverso l\u2019intelligenza artificiale, aiutandoti a prendere decisioni migliori su allenamento, sonno e recupero. Con sensori all\u2019avanguardia e un\u2019integrazione completa con l\u2019app [&hellip;]\" \/>\n<meta property=\"og:url\" content=\"https:\/\/ironfityou.com\/it\/prodotto\/ify-1-0-performance-band-tracker-indossabile-per-la-salute\/\" \/>\n<meta property=\"og:site_name\" content=\"Iron Fit You\" \/>\n<meta property=\"article:modified_time\" content=\"2026-04-15T08:23:48+00:00\" \/>\n<meta property=\"og:image\" content=\"https:\/\/ironfityou.com\/wp-content\/uploads\/2026\/02\/band-product03-new.webp\" \/>\n\t<meta property=\"og:image:width\" content=\"1680\" \/>\n\t<meta property=\"og:image:height\" content=\"1680\" \/>\n\t<meta property=\"og:image:type\" content=\"image\/webp\" \/>\n<meta name=\"twitter:card\" content=\"summary_large_image\" \/>\n<meta name=\"twitter:label1\" content=\"Tempo di lettura stimato\" \/>\n\t<meta name=\"twitter:data1\" content=\"2 minuti\" \/>\n<script type=\"application\/ld+json\" class=\"yoast-schema-graph\">{\"@context\":\"https:\/\/schema.org\",\"@graph\":[{\"@type\":\"WebPage\",\"@id\":\"https:\/\/ironfityou.com\/it\/prodotto\/ify-1-0-performance-band-tracker-indossabile-per-la-salute\/\",\"url\":\"https:\/\/ironfityou.com\/it\/prodotto\/ify-1-0-performance-band-tracker-indossabile-per-la-salute\/\",\"name\":\"IFY 1.0 Performance Band: tracker indossabile per la salute. - Iron Fit You\",\"isPartOf\":{\"@id\":\"https:\/\/ironfityou.com\/#website\"},\"primaryImageOfPage\":{\"@id\":\"https:\/\/ironfityou.com\/it\/prodotto\/ify-1-0-performance-band-tracker-indossabile-per-la-salute\/#primaryimage\"},\"image\":{\"@id\":\"https:\/\/ironfityou.com\/it\/prodotto\/ify-1-0-performance-band-tracker-indossabile-per-la-salute\/#primaryimage\"},\"thumbnailUrl\":\"https:\/\/ironfityou.com\/wp-content\/uploads\/2026\/02\/band-product03-new.webp\",\"datePublished\":\"2026-02-20T13:50:07+00:00\",\"dateModified\":\"2026-04-15T08:23:48+00:00\",\"breadcrumb\":{\"@id\":\"https:\/\/ironfityou.com\/it\/prodotto\/ify-1-0-performance-band-tracker-indossabile-per-la-salute\/#breadcrumb\"},\"inLanguage\":\"it-IT\",\"potentialAction\":[{\"@type\":\"ReadAction\",\"target\":[\"https:\/\/ironfityou.com\/it\/prodotto\/ify-1-0-performance-band-tracker-indossabile-per-la-salute\/\"]}]},{\"@type\":\"ImageObject\",\"inLanguage\":\"it-IT\",\"@id\":\"https:\/\/ironfityou.com\/it\/prodotto\/ify-1-0-performance-band-tracker-indossabile-per-la-salute\/#primaryimage\",\"url\":\"https:\/\/ironfityou.com\/wp-content\/uploads\/2026\/02\/band-product03-new.webp\",\"contentUrl\":\"https:\/\/ironfityou.com\/wp-content\/uploads\/2026\/02\/band-product03-new.webp\",\"width\":1680,\"height\":1680},{\"@type\":\"BreadcrumbList\",\"@id\":\"https:\/\/ironfityou.com\/it\/prodotto\/ify-1-0-performance-band-tracker-indossabile-per-la-salute\/#breadcrumb\",\"itemListElement\":[{\"@type\":\"ListItem\",\"position\":1,\"name\":\"Home\",\"item\":\"https:\/\/ironfityou.com\/it\/\"},{\"@type\":\"ListItem\",\"position\":2,\"name\":\"IFY 1.0 Performance Band: tracker indossabile per la salute.\"}]},{\"@type\":\"WebSite\",\"@id\":\"https:\/\/ironfityou.com\/#website\",\"url\":\"https:\/\/ironfityou.com\/\",\"name\":\"Iron Fit You\",\"description\":\"IRON Fit You - Your health in real time\",\"potentialAction\":[{\"@type\":\"SearchAction\",\"target\":{\"@type\":\"EntryPoint\",\"urlTemplate\":\"https:\/\/ironfityou.com\/?s={search_term_string}\"},\"query-input\":{\"@type\":\"PropertyValueSpecification\",\"valueRequired\":true,\"valueName\":\"search_term_string\"}}],\"inLanguage\":\"it-IT\"}]}<\/script>\n<!-- \/ Yoast SEO plugin. -->","yoast_head_json":{"title":"IFY 1.0 Performance Band: tracker indossabile per la salute. - Iron Fit You","robots":{"index":"index","follow":"follow","max-snippet":"max-snippet:-1","max-image-preview":"max-image-preview:large","max-video-preview":"max-video-preview:-1"},"canonical":"https:\/\/ironfityou.com\/it\/prodotto\/ify-1-0-performance-band-tracker-indossabile-per-la-salute\/","og_locale":"it_IT","og_type":"article","og_title":"IFY 1.0 Performance Band: tracker indossabile per la salute. - Iron Fit You","og_description":"Descrizione Iron Fit You 1.0 \u00e8 stata creata per chi cerca pi\u00f9 equilibrio, energia e prestazioni nella vita quotidiana. Pi\u00f9 che misurare passi o battito cardiaco, interpreta il tuo corpo e la tua mente attraverso l\u2019intelligenza artificiale, aiutandoti a prendere decisioni migliori su allenamento, sonno e recupero. Con sensori all\u2019avanguardia e un\u2019integrazione completa con l\u2019app [&hellip;]","og_url":"https:\/\/ironfityou.com\/it\/prodotto\/ify-1-0-performance-band-tracker-indossabile-per-la-salute\/","og_site_name":"Iron Fit You","article_modified_time":"2026-04-15T08:23:48+00:00","og_image":[{"width":1680,"height":1680,"url":"https:\/\/ironfityou.com\/wp-content\/uploads\/2026\/02\/band-product03-new.webp","type":"image\/webp"}],"twitter_card":"summary_large_image","twitter_misc":{"Tempo di lettura stimato":"2 minuti"},"schema":{"@context":"https:\/\/schema.org","@graph":[{"@type":"WebPage","@id":"https:\/\/ironfityou.com\/it\/prodotto\/ify-1-0-performance-band-tracker-indossabile-per-la-salute\/","url":"https:\/\/ironfityou.com\/it\/prodotto\/ify-1-0-performance-band-tracker-indossabile-per-la-salute\/","name":"IFY 1.0 Performance Band: tracker indossabile per la salute. - Iron Fit You","isPartOf":{"@id":"https:\/\/ironfityou.com\/#website"},"primaryImageOfPage":{"@id":"https:\/\/ironfityou.com\/it\/prodotto\/ify-1-0-performance-band-tracker-indossabile-per-la-salute\/#primaryimage"},"image":{"@id":"https:\/\/ironfityou.com\/it\/prodotto\/ify-1-0-performance-band-tracker-indossabile-per-la-salute\/#primaryimage"},"thumbnailUrl":"https:\/\/ironfityou.com\/wp-content\/uploads\/2026\/02\/band-product03-new.webp","datePublished":"2026-02-20T13:50:07+00:00","dateModified":"2026-04-15T08:23:48+00:00","breadcrumb":{"@id":"https:\/\/ironfityou.com\/it\/prodotto\/ify-1-0-performance-band-tracker-indossabile-per-la-salute\/#breadcrumb"},"inLanguage":"it-IT","potentialAction":[{"@type":"ReadAction","target":["https:\/\/ironfityou.com\/it\/prodotto\/ify-1-0-performance-band-tracker-indossabile-per-la-salute\/"]}]},{"@type":"ImageObject","inLanguage":"it-IT","@id":"https:\/\/ironfityou.com\/it\/prodotto\/ify-1-0-performance-band-tracker-indossabile-per-la-salute\/#primaryimage","url":"https:\/\/ironfityou.com\/wp-content\/uploads\/2026\/02\/band-product03-new.webp","contentUrl":"https:\/\/ironfityou.com\/wp-content\/uploads\/2026\/02\/band-product03-new.webp","width":1680,"height":1680},{"@type":"BreadcrumbList","@id":"https:\/\/ironfityou.com\/it\/prodotto\/ify-1-0-performance-band-tracker-indossabile-per-la-salute\/#breadcrumb","itemListElement":[{"@type":"ListItem","position":1,"name":"Home","item":"https:\/\/ironfityou.com\/it\/"},{"@type":"ListItem","position":2,"name":"IFY 1.0 Performance Band: tracker indossabile per la salute."}]},{"@type":"WebSite","@id":"https:\/\/ironfityou.com\/#website","url":"https:\/\/ironfityou.com\/","name":"Iron Fit You","description":"IRON Fit You - Your health in real time","potentialAction":[{"@type":"SearchAction","target":{"@type":"EntryPoint","urlTemplate":"https:\/\/ironfityou.com\/?s={search_term_string}"},"query-input":{"@type":"PropertyValueSpecification","valueRequired":true,"valueName":"search_term_string"}}],"inLanguage":"it-IT"}]}},"_links":{"self":[{"href":"https:\/\/ironfityou.com\/it\/wp-json\/wp\/v2\/product\/2030","targetHints":{"allow":["GET"]}}],"collection":[{"href":"https:\/\/ironfityou.com\/it\/wp-json\/wp\/v2\/product"}],"about":[{"href":"https:\/\/ironfityou.com\/it\/wp-json\/wp\/v2\/types\/product"}],"replies":[{"embeddable":true,"href":"https:\/\/ironfityou.com\/it\/wp-json\/wp\/v2\/comments?post=2030"}],"wp:featuredmedia":[{"embeddable":true,"href":"https:\/\/ironfityou.com\/it\/wp-json\/wp\/v2\/media\/2393"}],"wp:attachment":[{"href":"https:\/\/ironfityou.com\/it\/wp-json\/wp\/v2\/media?parent=2030"}],"wp:term":[{"taxonomy":"product_brand","embeddable":true,"href":"https:\/\/ironfityou.com\/it\/wp-json\/wp\/v2\/product_brand?post=2030"},{"taxonomy":"product_cat","embeddable":true,"href":"https:\/\/ironfityou.com\/it\/wp-json\/wp\/v2\/product_cat?post=2030"},{"taxonomy":"product_tag","embeddable":true,"href":"https:\/\/ironfityou.com\/it\/wp-json\/wp\/v2\/product_tag?post=2030"}],"curies":[{"name":"wp","href":"https:\/\/api.w.org\/{rel}","templated":true}]}}